{"id":1687,"date":"2026-02-22T22:13:38","date_gmt":"2026-02-22T22:13:38","guid":{"rendered":"https:\/\/valentina-alexis.com\/?page_id=1687"},"modified":"2026-03-07T21:45:24","modified_gmt":"2026-03-07T21:45:24","slug":"trip","status":"publish","type":"page","link":"https:\/\/valentina-alexis.com\/es\/trip\/","title":{"rendered":"Tu Viaje"},"content":{"rendered":"<div data-elementor-type=\"wp-page\" data-elementor-id=\"1687\" class=\"elementor elementor-1687\" data-elementor-post-type=\"page\">\n\t\t\t\t<div class=\"elementor-element elementor-element-1b1ae16c e-con-full e-flex e-con e-parent\" data-id=\"1b1ae16c\" data-element_type=\"container\" data-e-type=\"container\">\n\t\t\t\t<div class=\"elementor-element elementor-element-6b3fbf59 elementor-widget elementor-widget-heading\" data-id=\"6b3fbf59\" data-element_type=\"widget\" data-e-type=\"widget\" data-widget_type=\"heading.default\">\n\t\t\t\t\t<h2 class=\"elementor-heading-title elementor-size-default\">Tu Viaje<\/h2>\t\t\t\t<\/div>\n\t\t\t\t<div class=\"elementor-element elementor-element-600ec5a0 elementor-widget-divider--view-line elementor-widget elementor-widget-divider\" data-id=\"600ec5a0\" data-element_type=\"widget\" data-e-type=\"widget\" data-widget_type=\"divider.default\">\n\t\t\t\t\t\t\t<div class=\"elementor-divider\">\n\t\t\t<span class=\"elementor-divider-separator\">\n\t\t\t\t\t\t<\/span>\n\t\t<\/div>\n\t\t\t\t\t\t<\/div>\n\t\t\t\t<\/div>\n\t\t<div class=\"elementor-element elementor-element-5c3f7cc e-flex e-con-boxed e-con e-parent\" data-id=\"5c3f7cc\" data-element_type=\"container\" data-e-type=\"container\">\n\t\t\t\t\t<div class=\"e-con-inner\">\n\t\t\t\t<div class=\"elementor-element elementor-element-3edb002 elementor-widget elementor-widget-image\" data-id=\"3edb002\" data-element_type=\"widget\" data-e-type=\"widget\" data-widget_type=\"image.default\">\n\t\t\t\t\t\t\t\t\t\t\t\t\t\t\t<img fetchpriority=\"high\" decoding=\"async\" width=\"5000\" height=\"3008\" src=\"https:\/\/valentina-alexis.com\/wp-content\/uploads\/2026\/02\/cartagena-city-e1771798746992.jpg\" class=\"attachment-full size-full wp-image-1689\" alt=\"\" \/>\t\t\t\t\t\t\t\t\t\t\t\t\t\t\t<\/div>\n\t\t\t\t\t<\/div>\n\t\t\t\t<\/div>\n\t\t\t\t<section class=\"elementor-section elementor-top-section elementor-element elementor-element-ad39328 elementor-section-content-middle elementor-section-boxed elementor-section-height-default elementor-section-height-default\" data-id=\"ad39328\" data-element_type=\"section\" data-e-type=\"section\" data-settings=\"{&quot;background_background&quot;:&quot;classic&quot;,&quot;background_motion_fx_motion_fx_scrolling&quot;:&quot;yes&quot;,&quot;background_motion_fx_devices&quot;:[&quot;desktop&quot;,&quot;tablet&quot;,&quot;mobile&quot;]}\">\n\t\t\t\t\t\t\t<div class=\"elementor-background-overlay\"><\/div>\n\t\t\t\t\t\t\t<div class=\"elementor-container elementor-column-gap-no\">\n\t\t\t\t\t<div class=\"elementor-column elementor-col-50 elementor-top-column elementor-element elementor-element-cd0ba92\" data-id=\"cd0ba92\" data-element_type=\"column\" data-e-type=\"column\">\n\t\t\t<div class=\"elementor-widget-wrap elementor-element-populated\">\n\t\t\t\t\t\t<div class=\"elementor-element elementor-element-c98ce70 elementor-widget-divider--view-line elementor-widget elementor-widget-divider\" data-id=\"c98ce70\" data-element_type=\"widget\" data-e-type=\"widget\" data-widget_type=\"divider.default\">\n\t\t\t\t\t\t\t<div class=\"elementor-divider\">\n\t\t\t<span class=\"elementor-divider-separator\">\n\t\t\t\t\t\t<\/span>\n\t\t<\/div>\n\t\t\t\t\t\t<\/div>\n\t\t\t\t<div class=\"elementor-element elementor-element-1585390 elementor-widget elementor-widget-heading\" data-id=\"1585390\" data-element_type=\"widget\" data-e-type=\"widget\" data-widget_type=\"heading.default\">\n\t\t\t\t\t<h2 class=\"elementor-heading-title elementor-size-default\">D\u00f3nde alojarse para la boda<\/h2>\t\t\t\t<\/div>\n\t\t\t\t\t<\/div>\n\t\t<\/div>\n\t\t\t\t<div class=\"elementor-column elementor-col-50 elementor-top-column elementor-element elementor-element-bbb212c\" data-id=\"bbb212c\" data-element_type=\"column\" data-e-type=\"column\">\n\t\t\t<div class=\"elementor-widget-wrap elementor-element-populated\">\n\t\t\t\t<div class=\"elementor-element elementor-element-02fbc95 e-flex e-con-boxed e-con e-parent\" data-id=\"02fbc95\" data-element_type=\"container\" data-e-type=\"container\">\n\t\t\t\t\t<div class=\"e-con-inner\">\n\t\t\t\t<div class=\"elementor-element elementor-element-d9d6cc6 elementor-widget elementor-widget-text-editor\" data-id=\"d9d6cc6\" data-element_type=\"widget\" data-e-type=\"widget\" data-widget_type=\"text-editor.default\">\n\t\t\t\t\t\t\t\t\tPara disfrutar plenamente de la velada y facilitar el acceso al lugar de la recepci\u00f3n, recomendamos alojarse en <span style=\"font-weight: 600;\">la isla de Tierra Bomba la noche del 20 de febrero<\/span> (noche de la boda) en uno de los siguientes hoteles:\n<ul style=\"padding-top: 10px; padding-bottom: 10px;\">\n \t<li style=\"padding: 5px 0px;\"><span style=\"text-decoration: underline;\"><a href=\"https:\/\/etekacartagena.com\/?lang=en\" target=\"_blank\" rel=\"noopener\"><span style=\"font-weight: 600;\">\u00c9teka Slow Beach Hotel<\/span><\/a><\/span> ubicado a aproximadamente 100 metros de Vista Mare. Es la opci\u00f3n preferida por su comodidad y cercan\u00eda.<\/li>\n \t<li style=\"padding: 5px 0px;\"><span style=\"text-decoration: underline;\"><span style=\"text-decoration: underline;\"><a href=\"https:\/\/www.tinyvillagecartagena.com\/\" target=\"_blank\" rel=\"noopener\"><span style=\"font-weight: 600;\">Tiny Village<\/span><\/a><\/span><\/span><\/li>\n<\/ul>\nTambi\u00e9n es posible alojarse en otro lugar de Tierra Bomba o en Cartagena, pero ser\u00e1 necesario organizar un traslado en lancha por la noche para regresar a su hotel despu\u00e9s de la celebraci\u00f3n.\t\t\t\t\t\t\t\t<\/div>\n\t\t\t\t\t<\/div>\n\t\t\t\t<\/div>\n\t\t\t\t\t<\/div>\n\t\t<\/div>\n\t\t\t\t\t<\/div>\n\t\t<\/section>\n\t\t\t\t<section class=\"elementor-section elementor-top-section elementor-element elementor-element-eb49443 elementor-section-content-middle elementor-section-boxed elementor-section-height-default elementor-section-height-default\" data-id=\"eb49443\" data-element_type=\"section\" data-e-type=\"section\" data-settings=\"{&quot;background_background&quot;:&quot;classic&quot;,&quot;background_motion_fx_motion_fx_scrolling&quot;:&quot;yes&quot;,&quot;background_motion_fx_devices&quot;:[&quot;desktop&quot;,&quot;tablet&quot;,&quot;mobile&quot;]}\">\n\t\t\t\t\t\t\t<div class=\"elementor-background-overlay\"><\/div>\n\t\t\t\t\t\t\t<div class=\"elementor-container elementor-column-gap-no\">\n\t\t\t\t\t<div class=\"elementor-column elementor-col-50 elementor-top-column elementor-element elementor-element-8c80156\" data-id=\"8c80156\" data-element_type=\"column\" data-e-type=\"column\">\n\t\t\t<div class=\"elementor-widget-wrap elementor-element-populated\">\n\t\t\t\t\t\t<div class=\"elementor-element elementor-element-3eeff8b elementor-widget-divider--view-line elementor-widget elementor-widget-divider\" data-id=\"3eeff8b\" data-element_type=\"widget\" data-e-type=\"widget\" data-widget_type=\"divider.default\">\n\t\t\t\t\t\t\t<div class=\"elementor-divider\">\n\t\t\t<span class=\"elementor-divider-separator\">\n\t\t\t\t\t\t<\/span>\n\t\t<\/div>\n\t\t\t\t\t\t<\/div>\n\t\t\t\t<div class=\"elementor-element elementor-element-80e6f95 elementor-widget elementor-widget-heading\" data-id=\"80e6f95\" data-element_type=\"widget\" data-e-type=\"widget\" data-widget_type=\"heading.default\">\n\t\t\t\t\t<h2 class=\"elementor-heading-title elementor-size-default\">D\u00f3nde alojarse en Cartagena<\/h2>\t\t\t\t<\/div>\n\t\t\t\t\t<\/div>\n\t\t<\/div>\n\t\t\t\t<div class=\"elementor-column elementor-col-50 elementor-top-column elementor-element elementor-element-093b8e9\" data-id=\"093b8e9\" data-element_type=\"column\" data-e-type=\"column\">\n\t\t\t<div class=\"elementor-widget-wrap elementor-element-populated\">\n\t\t\t\t<div class=\"elementor-element elementor-element-ca3823a e-flex e-con-boxed e-con e-parent\" data-id=\"ca3823a\" data-element_type=\"container\" data-e-type=\"container\">\n\t\t\t\t\t<div class=\"e-con-inner\">\n\t\t\t\t<div class=\"elementor-element elementor-element-80b0a57 elementor-widget elementor-widget-text-editor\" data-id=\"80b0a57\" data-element_type=\"widget\" data-e-type=\"widget\" data-widget_type=\"text-editor.default\">\n\t\t\t\t\t\t\t\t\t<p>Recomendamos llegar a Cartagena <span style=\"font-weight: 600;\">al menos dos d\u00edas antes de la boda.\u00a0<\/span>Des activit\u00e9s seront pr\u00e9vues le 18 f\u00e9vrier.\u00a0Plus d\u2019informations \u00e0 venir.<\/p><p>Para su alojamiento, recomendamos reservar a trav\u00e9s de Booking.com o Airbnb, seg\u00fan su presupuesto. Estos son los barrios que recomendamos:<\/p>\t\t\t\t\t\t\t\t<\/div>\n\t\t\t\t<div class=\"elementor-element elementor-element-21b2b2f elementor-widget elementor-widget-heading\" data-id=\"21b2b2f\" data-element_type=\"widget\" data-e-type=\"widget\" data-widget_type=\"heading.default\">\n\t\t\t\t\t<h2 class=\"elementor-heading-title elementor-size-default\">Centro Hist\u00f3rico<\/h2>\t\t\t\t<\/div>\n\t\t\t\t<div class=\"elementor-element elementor-element-dc00843 elementor-widget elementor-widget-text-editor\" data-id=\"dc00843\" data-element_type=\"widget\" data-e-type=\"widget\" data-widget_type=\"text-editor.default\">\n\t\t\t\t\t\t\t\t\t<p>El coraz\u00f3n hist\u00f3rico amurallado de la ciudad. Encantador, c\u00e9ntrico y seguro, es el barrio ideal para una primera visita y el que recomendamos principalmente.<\/p>\t\t\t\t\t\t\t\t<\/div>\n\t\t\t\t<div class=\"elementor-element elementor-element-0dee883 elementor-widget elementor-widget-heading\" data-id=\"0dee883\" data-element_type=\"widget\" data-e-type=\"widget\" data-widget_type=\"heading.default\">\n\t\t\t\t\t<h2 class=\"elementor-heading-title elementor-size-default\">Getseman\u00ed<\/h2>\t\t\t\t<\/div>\n\t\t\t\t<div class=\"elementor-element elementor-element-23d80d4 elementor-widget elementor-widget-text-editor\" data-id=\"23d80d4\" data-element_type=\"widget\" data-e-type=\"widget\" data-widget_type=\"text-editor.default\">\n\t\t\t\t\t\t\t\t\t<p>Barrio bohemio y animado, conocido por su ambiente local y art\u00edstico. Se encuentra a 10 a 15 minutos caminando del centro hist\u00f3rico.<\/p>\t\t\t\t\t\t\t\t<\/div>\n\t\t\t\t<div class=\"elementor-element elementor-element-e3f6c54 elementor-widget elementor-widget-heading\" data-id=\"e3f6c54\" data-element_type=\"widget\" data-e-type=\"widget\" data-widget_type=\"heading.default\">\n\t\t\t\t\t<h2 class=\"elementor-heading-title elementor-size-default\">Bocagrande<\/h2>\t\t\t\t<\/div>\n\t\t\t\t<div class=\"elementor-element elementor-element-a89c857 elementor-widget elementor-widget-text-editor\" data-id=\"a89c857\" data-element_type=\"widget\" data-e-type=\"widget\" data-widget_type=\"text-editor.default\">\n\t\t\t\t\t\t\t\t\t<p>Barrio moderno frente al mar. Los hoteles suelen ser m\u00e1s accesibles, pero desplazarse al centro hist\u00f3rico requerir\u00e1 trayectos en taxi.<\/p>\t\t\t\t\t\t\t\t<\/div>\n\t\t\t\t\t<\/div>\n\t\t\t\t<\/div>\n\t\t\t\t\t<\/div>\n\t\t<\/div>\n\t\t\t\t\t<\/div>\n\t\t<\/section>\n\t\t\t\t<section class=\"elementor-section elementor-top-section elementor-element elementor-element-be46973 elementor-section-content-middle elementor-section-boxed elementor-section-height-default elementor-section-height-default\" data-id=\"be46973\" data-element_type=\"section\" data-e-type=\"section\" data-settings=\"{&quot;background_background&quot;:&quot;classic&quot;,&quot;background_motion_fx_motion_fx_scrolling&quot;:&quot;yes&quot;,&quot;background_motion_fx_devices&quot;:[&quot;desktop&quot;,&quot;tablet&quot;,&quot;mobile&quot;]}\">\n\t\t\t\t\t\t\t<div class=\"elementor-background-overlay\"><\/div>\n\t\t\t\t\t\t\t<div class=\"elementor-container elementor-column-gap-no\">\n\t\t\t\t\t<div class=\"elementor-column elementor-col-50 elementor-top-column elementor-element elementor-element-bb1777a\" data-id=\"bb1777a\" data-element_type=\"column\" data-e-type=\"column\">\n\t\t\t<div class=\"elementor-widget-wrap elementor-element-populated\">\n\t\t\t\t\t\t<div class=\"elementor-element elementor-element-b7f6816 elementor-widget-divider--view-line elementor-widget elementor-widget-divider\" data-id=\"b7f6816\" data-element_type=\"widget\" data-e-type=\"widget\" data-widget_type=\"divider.default\">\n\t\t\t\t\t\t\t<div class=\"elementor-divider\">\n\t\t\t<span class=\"elementor-divider-separator\">\n\t\t\t\t\t\t<\/span>\n\t\t<\/div>\n\t\t\t\t\t\t<\/div>\n\t\t\t\t<div class=\"elementor-element elementor-element-665bc30 elementor-widget elementor-widget-heading\" data-id=\"665bc30\" data-element_type=\"widget\" data-e-type=\"widget\" data-widget_type=\"heading.default\">\n\t\t\t\t\t<h2 class=\"elementor-heading-title elementor-size-default\">Tu viaje en Colombia<\/h2>\t\t\t\t<\/div>\n\t\t\t\t\t<\/div>\n\t\t<\/div>\n\t\t\t\t<div class=\"elementor-column elementor-col-50 elementor-top-column elementor-element elementor-element-5a451c5\" data-id=\"5a451c5\" data-element_type=\"column\" data-e-type=\"column\">\n\t\t\t<div class=\"elementor-widget-wrap elementor-element-populated\">\n\t\t\t\t<div class=\"elementor-element elementor-element-9ec11e1 e-flex e-con-boxed e-con e-parent\" data-id=\"9ec11e1\" data-element_type=\"container\" data-e-type=\"container\">\n\t\t\t\t\t<div class=\"e-con-inner\">\n\t\t\t\t<div class=\"elementor-element elementor-element-f7e46a9 elementor-widget elementor-widget-text-editor\" data-id=\"f7e46a9\" data-element_type=\"widget\" data-e-type=\"widget\" data-widget_type=\"text-editor.default\">\n\t\t\t\t\t\t\t\t\t<p>Si desean visitar otras regiones de Colombia, aqu\u00ed algunas ideas de itinerarios:<\/p>\t\t\t\t\t\t\t\t<\/div>\n\t\t\t\t<div class=\"elementor-element elementor-element-c8b9c37 elementor-widget elementor-widget-heading\" data-id=\"c8b9c37\" data-element_type=\"widget\" data-e-type=\"widget\" data-widget_type=\"heading.default\">\n\t\t\t\t\t<h3 class=\"elementor-heading-title elementor-size-default\">7 a 10 d\u00edas<\/h3>\t\t\t\t<\/div>\n\t\t\t\t<div class=\"elementor-element elementor-element-396365f elementor-widget elementor-widget-text-editor\" data-id=\"396365f\" data-element_type=\"widget\" data-e-type=\"widget\" data-widget_type=\"text-editor.default\">\n\t\t\t\t\t\t\t\t\t<p>Cartagena, Santa Marta, Parque Nacional Tayrona, playas y senderismo.<\/p>\t\t\t\t\t\t\t\t<\/div>\n\t\t\t\t<div class=\"elementor-element elementor-element-6fcb5ba elementor-widget elementor-widget-heading\" data-id=\"6fcb5ba\" data-element_type=\"widget\" data-e-type=\"widget\" data-widget_type=\"heading.default\">\n\t\t\t\t\t<h3 class=\"elementor-heading-title elementor-size-default\">10 a 14 d\u00edas<\/h3>\t\t\t\t<\/div>\n\t\t\t\t<div class=\"elementor-element elementor-element-33b0399 elementor-widget elementor-widget-text-editor\" data-id=\"33b0399\" data-element_type=\"widget\" data-e-type=\"widget\" data-widget_type=\"text-editor.default\">\n\t\t\t\t\t\t\t\t\t<p>Cartagena, Santa Marta, Parque Nacional Tayrona, Medell\u00edn y Guatap\u00e9.<\/p>\t\t\t\t\t\t\t\t<\/div>\n\t\t\t\t<div class=\"elementor-element elementor-element-636055e elementor-widget elementor-widget-heading\" data-id=\"636055e\" data-element_type=\"widget\" data-e-type=\"widget\" data-widget_type=\"heading.default\">\n\t\t\t\t\t<h3 class=\"elementor-heading-title elementor-size-default\">14 d\u00edas o m\u00e1s<\/h3>\t\t\t\t<\/div>\n\t\t\t\t<div class=\"elementor-element elementor-element-8ae815f elementor-widget elementor-widget-text-editor\" data-id=\"8ae815f\" data-element_type=\"widget\" data-e-type=\"widget\" data-widget_type=\"text-editor.default\">\n\t\t\t\t\t\t\t\t\t<p>Cartagena, Santa Marta, Parque Nacional Tayrona, Medell\u00edn, Guatap\u00e9, la regi\u00f3n del Caf\u00e9 y Salento.<\/p>\t\t\t\t\t\t\t\t<\/div>\n\t\t\t\t\t<\/div>\n\t\t\t\t<\/div>\n\t\t\t\t\t<\/div>\n\t\t<\/div>\n\t\t\t\t\t<\/div>\n\t\t<\/section>\n\t\t\t\t<section class=\"elementor-section elementor-top-section elementor-element elementor-element-dfc0697 elementor-section-content-middle elementor-section-boxed elementor-section-height-default elementor-section-height-default\" data-id=\"dfc0697\" data-element_type=\"section\" data-e-type=\"section\" data-settings=\"{&quot;background_background&quot;:&quot;classic&quot;,&quot;background_motion_fx_motion_fx_scrolling&quot;:&quot;yes&quot;,&quot;background_motion_fx_devices&quot;:[&quot;desktop&quot;,&quot;tablet&quot;,&quot;mobile&quot;]}\">\n\t\t\t\t\t\t\t<div class=\"elementor-background-overlay\"><\/div>\n\t\t\t\t\t\t\t<div class=\"elementor-container elementor-column-gap-no\">\n\t\t\t\t\t<div class=\"elementor-column elementor-col-50 elementor-top-column elementor-element elementor-element-9b8c9ab\" data-id=\"9b8c9ab\" data-element_type=\"column\" data-e-type=\"column\">\n\t\t\t<div class=\"elementor-widget-wrap elementor-element-populated\">\n\t\t\t\t\t\t<div class=\"elementor-element elementor-element-a930cca elementor-widget-divider--view-line elementor-widget elementor-widget-divider\" data-id=\"a930cca\" data-element_type=\"widget\" data-e-type=\"widget\" data-widget_type=\"divider.default\">\n\t\t\t\t\t\t\t<div class=\"elementor-divider\">\n\t\t\t<span class=\"elementor-divider-separator\">\n\t\t\t\t\t\t<\/span>\n\t\t<\/div>\n\t\t\t\t\t\t<\/div>\n\t\t\t\t<div class=\"elementor-element elementor-element-bb8e7c5 elementor-widget elementor-widget-heading\" data-id=\"bb8e7c5\" data-element_type=\"widget\" data-e-type=\"widget\" data-widget_type=\"heading.default\">\n\t\t\t\t\t<h2 class=\"elementor-heading-title elementor-size-default\">Vuelos a Cartagena<\/h2>\t\t\t\t<\/div>\n\t\t\t\t\t<\/div>\n\t\t<\/div>\n\t\t\t\t<div class=\"elementor-column elementor-col-50 elementor-top-column elementor-element elementor-element-68f4205\" data-id=\"68f4205\" data-element_type=\"column\" data-e-type=\"column\">\n\t\t\t<div class=\"elementor-widget-wrap elementor-element-populated\">\n\t\t\t\t<div class=\"elementor-element elementor-element-d7b00e2 e-flex e-con-boxed e-con e-parent\" data-id=\"d7b00e2\" data-element_type=\"container\" data-e-type=\"container\">\n\t\t\t\t\t<div class=\"e-con-inner\">\n\t\t\t\t<div class=\"elementor-element elementor-element-17b92fc elementor-widget elementor-widget-text-editor\" data-id=\"17b92fc\" data-element_type=\"widget\" data-e-type=\"widget\" data-widget_type=\"text-editor.default\">\n\t\t\t\t\t\t\t\t\t<p>Carthag\u00e8ne dispose d\u2019un a\u00e9roport international, avec des vols depuis plusieurs villes europ\u00e9ennes.<\/p><p>Desde Francia, normalmente es necesario hacer una o dos escalas. Las conexiones m\u00e1s comunes son v\u00eda <span style=\"font-weight: 600;\">Madrid, \u00c1msterdam o Bogot\u00e1.<\/span><\/p>\t\t\t\t\t\t\t\t<\/div>\n\t\t\t\t<div class=\"elementor-element elementor-element-f4d328d elementor-widget elementor-widget-spacer\" data-id=\"f4d328d\" data-element_type=\"widget\" data-e-type=\"widget\" data-widget_type=\"spacer.default\">\n\t\t\t\t\t\t\t<div class=\"elementor-spacer\">\n\t\t\t<div class=\"elementor-spacer-inner\"><\/div>\n\t\t<\/div>\n\t\t\t\t\t\t<\/div>\n\t\t\t\t<div class=\"elementor-element elementor-element-5df1bcf elementor-widget elementor-widget-heading\" data-id=\"5df1bcf\" data-element_type=\"widget\" data-e-type=\"widget\" data-widget_type=\"heading.default\">\n\t\t\t\t\t<h3 class=\"elementor-heading-title elementor-size-default\">Duraci\u00f3n promedio del viaje<\/h3>\t\t\t\t<\/div>\n\t\t\t\t<div class=\"elementor-element elementor-element-65bed3b elementor-widget elementor-widget-text-editor\" data-id=\"65bed3b\" data-element_type=\"widget\" data-e-type=\"widget\" data-widget_type=\"text-editor.default\">\n\t\t\t\t\t\t\t\t\t<p>Aproximadamente 16 a 18 horas, dependiendo del itinerario y de la duraci\u00f3n de la escala.<\/p>\t\t\t\t\t\t\t\t<\/div>\n\t\t\t\t<div class=\"elementor-element elementor-element-1d9cb5e elementor-widget elementor-widget-spacer\" data-id=\"1d9cb5e\" data-element_type=\"widget\" data-e-type=\"widget\" data-widget_type=\"spacer.default\">\n\t\t\t\t\t\t\t<div class=\"elementor-spacer\">\n\t\t\t<div class=\"elementor-spacer-inner\"><\/div>\n\t\t<\/div>\n\t\t\t\t\t\t<\/div>\n\t\t\t\t<div class=\"elementor-element elementor-element-9f657bd elementor-widget elementor-widget-heading\" data-id=\"9f657bd\" data-element_type=\"widget\" data-e-type=\"widget\" data-widget_type=\"heading.default\">\n\t\t\t\t\t<h3 class=\"elementor-heading-title elementor-size-default\">Presupuesto (estimado)<\/h3>\t\t\t\t<\/div>\n\t\t\t\t<div class=\"elementor-element elementor-element-f834b69 elementor-widget elementor-widget-text-editor\" data-id=\"f834b69\" data-element_type=\"widget\" data-e-type=\"widget\" data-widget_type=\"text-editor.default\">\n\t\t\t\t\t\t\t\t\t<p>Para un vuelo ida y vuelta en clase econ\u00f3mica:\u00a0<span style=\"font-weight: 600;\">800 a 1.100 EUR por persona<\/span>, dependiendo de la fecha de reserva y la aerol\u00ednea.<\/p>\t\t\t\t\t\t\t\t<\/div>\n\t\t\t\t\t<\/div>\n\t\t\t\t<\/div>\n\t\t\t\t\t<\/div>\n\t\t<\/div>\n\t\t\t\t\t<\/div>\n\t\t<\/section>\n\t\t<div class=\"elementor-element elementor-element-2e8c03e e-flex e-con-boxed e-con e-parent\" data-id=\"2e8c03e\" data-element_type=\"container\" data-e-type=\"container\">\n\t\t\t\t\t<div class=\"e-con-inner\">\n\t\t\t\t<div class=\"elementor-element elementor-element-6eec86b elementor-widget elementor-widget-spacer\" data-id=\"6eec86b\" data-element_type=\"widget\" data-e-type=\"widget\" data-widget_type=\"spacer.default\">\n\t\t\t\t\t\t\t<div class=\"elementor-spacer\">\n\t\t\t<div class=\"elementor-spacer-inner\"><\/div>\n\t\t<\/div>\n\t\t\t\t\t\t<\/div>\n\t\t\t\t\t<\/div>\n\t\t\t\t<\/div>\n\t\t\t\t<\/div>","protected":false},"excerpt":{"rendered":"<p>Votre Voyage O\u00f9 loger pour le mariage Afin de profiter pleinement de la soir\u00e9e et de faciliter l\u2019acc\u00e8s au lieu de r\u00e9ception, nous vous recommandons de s\u00e9journer sur l\u2019\u00eele de Tierra Bomba la nuit du 20 f\u00e9vrier (soir du mariage) dans l\u2019un des h\u00f4tels suivants : \u00c9teka Slow Beach Hotel :\u00a0Situ\u00e9 \u00e0 environ 100 m\u00e8tres [&hellip;]<\/p>","protected":false},"author":1,"featured_media":1209,"parent":0,"menu_order":0,"comment_status":"closed","ping_status":"closed","template":"elementor_header_footer","meta":{"footnotes":""},"class_list":["post-1687","page","type-page","status-publish","has-post-thumbnail","hentry"],"_hostinger_reach_plugin_has_subscription_block":false,"_hostinger_reach_plugin_is_elementor":false,"_links":{"self":[{"href":"https:\/\/valentina-alexis.com\/es\/wp-json\/wp\/v2\/pages\/1687","targetHints":{"allow":["GET"]}}],"collection":[{"href":"https:\/\/valentina-alexis.com\/es\/wp-json\/wp\/v2\/pages"}],"about":[{"href":"https:\/\/valentina-alexis.com\/es\/wp-json\/wp\/v2\/types\/page"}],"author":[{"embeddable":true,"href":"https:\/\/valentina-alexis.com\/es\/wp-json\/wp\/v2\/users\/1"}],"replies":[{"embeddable":true,"href":"https:\/\/valentina-alexis.com\/es\/wp-json\/wp\/v2\/comments?post=1687"}],"version-history":[{"count":61,"href":"https:\/\/valentina-alexis.com\/es\/wp-json\/wp\/v2\/pages\/1687\/revisions"}],"predecessor-version":[{"id":1813,"href":"https:\/\/valentina-alexis.com\/es\/wp-json\/wp\/v2\/pages\/1687\/revisions\/1813"}],"wp:featuredmedia":[{"embeddable":true,"href":"https:\/\/valentina-alexis.com\/es\/wp-json\/wp\/v2\/media\/1209"}],"wp:attachment":[{"href":"https:\/\/valentina-alexis.com\/es\/wp-json\/wp\/v2\/media?parent=1687"}],"curies":[{"name":"wp","href":"https:\/\/api.w.org\/{rel}","templated":true}]}}