{"id":1553,"date":"2026-02-22T19:14:31","date_gmt":"2026-02-22T19:14:31","guid":{"rendered":"https:\/\/valentina-alexis.com\/?page_id=1553"},"modified":"2026-03-07T21:50:17","modified_gmt":"2026-03-07T21:50:17","slug":"info","status":"publish","type":"page","link":"https:\/\/valentina-alexis.com\/es\/info\/","title":{"rendered":"D\u00e9tails et Infos Pratiques"},"content":{"rendered":"<div data-elementor-type=\"wp-page\" data-elementor-id=\"1553\" class=\"elementor elementor-1553\" data-elementor-post-type=\"page\">\n\t\t\t\t<div class=\"elementor-element elementor-element-1b1ae16c e-con-full e-flex e-con e-parent\" data-id=\"1b1ae16c\" data-element_type=\"container\" data-e-type=\"container\">\n\t\t\t\t<div class=\"elementor-element elementor-element-6b3fbf59 elementor-widget elementor-widget-heading\" data-id=\"6b3fbf59\" data-element_type=\"widget\" data-e-type=\"widget\" data-widget_type=\"heading.default\">\n\t\t\t\t\t<h2 class=\"elementor-heading-title elementor-size-default\">Detalles e informaci\u00f3n pr\u00e1ctica<\/h2>\t\t\t\t<\/div>\n\t\t\t\t<div class=\"elementor-element elementor-element-600ec5a0 elementor-widget-divider--view-line elementor-widget elementor-widget-divider\" data-id=\"600ec5a0\" data-element_type=\"widget\" data-e-type=\"widget\" data-widget_type=\"divider.default\">\n\t\t\t\t\t\t\t<div class=\"elementor-divider\">\n\t\t\t<span class=\"elementor-divider-separator\">\n\t\t\t\t\t\t<\/span>\n\t\t<\/div>\n\t\t\t\t\t\t<\/div>\n\t\t\t\t<\/div>\n\t\t<div class=\"elementor-element elementor-element-5c3f7cc e-flex e-con-boxed e-con e-parent\" data-id=\"5c3f7cc\" data-element_type=\"container\" data-e-type=\"container\">\n\t\t\t\t\t<div class=\"e-con-inner\">\n\t\t\t\t<div class=\"elementor-element elementor-element-3edb002 elementor-widget elementor-widget-image\" data-id=\"3edb002\" data-element_type=\"widget\" data-e-type=\"widget\" data-widget_type=\"image.default\">\n\t\t\t\t\t\t\t\t\t\t\t\t\t\t\t<img fetchpriority=\"high\" decoding=\"async\" width=\"2200\" height=\"1387\" src=\"https:\/\/valentina-alexis.com\/wp-content\/uploads\/2026\/02\/vista-mare-boat-extended.jpg\" class=\"attachment-full size-full wp-image-1594\" alt=\"\" \/>\t\t\t\t\t\t\t\t\t\t\t\t\t\t\t<\/div>\n\t\t\t\t\t<\/div>\n\t\t\t\t<\/div>\n\t\t\t\t<section class=\"elementor-section elementor-top-section elementor-element elementor-element-ad39328 elementor-section-content-middle elementor-section-boxed elementor-section-height-default elementor-section-height-default\" data-id=\"ad39328\" data-element_type=\"section\" data-e-type=\"section\" data-settings=\"{&quot;background_background&quot;:&quot;classic&quot;,&quot;background_motion_fx_motion_fx_scrolling&quot;:&quot;yes&quot;,&quot;background_motion_fx_devices&quot;:[&quot;desktop&quot;,&quot;tablet&quot;,&quot;mobile&quot;]}\">\n\t\t\t\t\t\t\t<div class=\"elementor-background-overlay\"><\/div>\n\t\t\t\t\t\t\t<div class=\"elementor-container elementor-column-gap-no\">\n\t\t\t\t\t<div class=\"elementor-column elementor-col-50 elementor-top-column elementor-element elementor-element-cd0ba92\" data-id=\"cd0ba92\" data-element_type=\"column\" data-e-type=\"column\">\n\t\t\t<div class=\"elementor-widget-wrap elementor-element-populated\">\n\t\t\t\t\t\t<div class=\"elementor-element elementor-element-c98ce70 elementor-widget-divider--view-line elementor-widget elementor-widget-divider\" data-id=\"c98ce70\" data-element_type=\"widget\" data-e-type=\"widget\" data-widget_type=\"divider.default\">\n\t\t\t\t\t\t\t<div class=\"elementor-divider\">\n\t\t\t<span class=\"elementor-divider-separator\">\n\t\t\t\t\t\t<\/span>\n\t\t<\/div>\n\t\t\t\t\t\t<\/div>\n\t\t\t\t<div class=\"elementor-element elementor-element-1585390 elementor-widget elementor-widget-heading\" data-id=\"1585390\" data-element_type=\"widget\" data-e-type=\"widget\" data-widget_type=\"heading.default\">\n\t\t\t\t\t<h2 class=\"elementor-heading-title elementor-size-default\">Lugar de la ceremonia<\/h2>\t\t\t\t<\/div>\n\t\t\t\t\t<\/div>\n\t\t<\/div>\n\t\t\t\t<div class=\"elementor-column elementor-col-50 elementor-top-column elementor-element elementor-element-bbb212c\" data-id=\"bbb212c\" data-element_type=\"column\" data-e-type=\"column\">\n\t\t\t<div class=\"elementor-widget-wrap elementor-element-populated\">\n\t\t\t\t<div class=\"elementor-element elementor-element-02fbc95 e-flex e-con-boxed e-con e-parent\" data-id=\"02fbc95\" data-element_type=\"container\" data-e-type=\"container\">\n\t\t\t\t\t<div class=\"e-con-inner\">\n\t\t\t\t<div class=\"elementor-element elementor-element-d9d6cc6 elementor-widget elementor-widget-text-editor\" data-id=\"d9d6cc6\" data-element_type=\"widget\" data-e-type=\"widget\" data-widget_type=\"text-editor.default\">\n\t\t\t\t\t\t\t\t\t<p>La ceremonia se llevar\u00e1 a cabo en <a href=\"https:\/\/vistamarecartagena.com\/en\/\" target=\"_blank\" rel=\"noopener\"><span style=\"font-weight: 600;\">Vista Mare Beach House<\/span><\/a>, en la isla de Tierra Bomba, accesible \u00fanicamente en barco desde Cartagena.<\/p>\t\t\t\t\t\t\t\t<\/div>\n\t\t\t\t<div class=\"elementor-element elementor-element-c593e21 elementor-widget elementor-widget-spacer\" data-id=\"c593e21\" data-element_type=\"widget\" data-e-type=\"widget\" data-widget_type=\"spacer.default\">\n\t\t\t\t\t\t\t<div class=\"elementor-spacer\">\n\t\t\t<div class=\"elementor-spacer-inner\"><\/div>\n\t\t<\/div>\n\t\t\t\t\t\t<\/div>\n\t\t\t\t<div class=\"elementor-element elementor-element-d87c360 elementor-widget elementor-widget-heading\" data-id=\"d87c360\" data-element_type=\"widget\" data-e-type=\"widget\" data-widget_type=\"heading.default\">\n\t\t\t\t\t<h3 class=\"elementor-heading-title elementor-size-default\">Transporte en bote<\/h3>\t\t\t\t<\/div>\n\t\t\t\t<div class=\"elementor-element elementor-element-49386ea elementor-widget elementor-widget-text-editor\" data-id=\"49386ea\" data-element_type=\"widget\" data-e-type=\"widget\" data-widget_type=\"text-editor.default\">\n\t\t\t\t\t\t\t\t\t<p>Se organizar\u00e1n lanchas privadas para los invitados.<\/p><ul style=\"padding-bottom: 10px;\"><li><span style=\"font-weight: 600;\">Salida:<\/span> Cartagena<\/li><li><span style=\"font-weight: 600;\">Duraci\u00f3n del trayecto:<\/span> aproximadamente 10 a 15 minutos<\/li><li><span style=\"font-weight: 600;\">Regreso:<\/span> se dispondr\u00e1 de lanchas al final de la noche<\/li><\/ul><p>Los horarios exactos y el punto de encuentro se compartir\u00e1n a medida que se acerque la fecha de la boda.<\/p><p>Para conocer m\u00e1s sobre las opciones de alojamiento recomendadas, haz clic en Recomendaci\u00f3n.<\/p><p>\u00a0<\/p>\t\t\t\t\t\t\t\t<\/div>\n\t\t\t\t<div class=\"elementor-element elementor-element-0e0b1f4 elementor-widget elementor-widget-button\" data-id=\"0e0b1f4\" data-element_type=\"widget\" data-e-type=\"widget\" data-widget_type=\"button.default\">\n\t\t\t\t\t\t\t\t\t\t<a class=\"elementor-button elementor-button-link elementor-size-sm\" href=\"\/es\/trip\/\">\n\t\t\t\t\t\t<span class=\"elementor-button-content-wrapper\">\n\t\t\t\t\t\t\t\t\t<span class=\"elementor-button-text\">Tu Viaje<\/span>\n\t\t\t\t\t<\/span>\n\t\t\t\t\t<\/a>\n\t\t\t\t\t\t\t\t<\/div>\n\t\t\t\t\t<\/div>\n\t\t\t\t<\/div>\n\t\t\t\t\t<\/div>\n\t\t<\/div>\n\t\t\t\t\t<\/div>\n\t\t<\/section>\n\t\t\t\t<section class=\"elementor-section elementor-top-section elementor-element elementor-element-be46973 elementor-section-content-middle elementor-section-boxed elementor-section-height-default elementor-section-height-default\" data-id=\"be46973\" data-element_type=\"section\" data-e-type=\"section\" data-settings=\"{&quot;background_background&quot;:&quot;classic&quot;,&quot;background_motion_fx_motion_fx_scrolling&quot;:&quot;yes&quot;,&quot;background_motion_fx_devices&quot;:[&quot;desktop&quot;,&quot;tablet&quot;,&quot;mobile&quot;]}\">\n\t\t\t\t\t\t\t<div class=\"elementor-background-overlay\"><\/div>\n\t\t\t\t\t\t\t<div class=\"elementor-container elementor-column-gap-no\">\n\t\t\t\t\t<div class=\"elementor-column elementor-col-50 elementor-top-column elementor-element elementor-element-bb1777a\" data-id=\"bb1777a\" data-element_type=\"column\" data-e-type=\"column\">\n\t\t\t<div class=\"elementor-widget-wrap elementor-element-populated\">\n\t\t\t\t\t\t<div class=\"elementor-element elementor-element-b7f6816 elementor-widget-divider--view-line elementor-widget elementor-widget-divider\" data-id=\"b7f6816\" data-element_type=\"widget\" data-e-type=\"widget\" data-widget_type=\"divider.default\">\n\t\t\t\t\t\t\t<div class=\"elementor-divider\">\n\t\t\t<span class=\"elementor-divider-separator\">\n\t\t\t\t\t\t<\/span>\n\t\t<\/div>\n\t\t\t\t\t\t<\/div>\n\t\t\t\t<div class=\"elementor-element elementor-element-665bc30 elementor-widget elementor-widget-heading\" data-id=\"665bc30\" data-element_type=\"widget\" data-e-type=\"widget\" data-widget_type=\"heading.default\">\n\t\t\t\t\t<h2 class=\"elementor-heading-title elementor-size-default\">Vestimenta<\/h2>\t\t\t\t<\/div>\n\t\t\t\t\t<\/div>\n\t\t<\/div>\n\t\t\t\t<div class=\"elementor-column elementor-col-50 elementor-top-column elementor-element elementor-element-5a451c5\" data-id=\"5a451c5\" data-element_type=\"column\" data-e-type=\"column\">\n\t\t\t<div class=\"elementor-widget-wrap elementor-element-populated\">\n\t\t\t\t<div class=\"elementor-element elementor-element-9ec11e1 e-flex e-con-boxed e-con e-parent\" data-id=\"9ec11e1\" data-element_type=\"container\" data-e-type=\"container\">\n\t\t\t\t\t<div class=\"e-con-inner\">\n\t\t\t\t<div class=\"elementor-element elementor-element-396ceee elementor-widget elementor-widget-text-editor\" data-id=\"396ceee\" data-element_type=\"widget\" data-e-type=\"widget\" data-widget_type=\"text-editor.default\">\n\t\t\t\t\t\t\t\t\t<p>Vestimenta estrictamente formal, estilo <span style=\"font-weight: 600; font-style: italic;\">beach formal.<\/span><\/p><ul><li><span style=\"font-weight: 600;\">Traje<\/span> para los caballeros<\/li><li><span style=\"font-weight: 600;\">Vestido largo<\/span> para las damas<\/li><\/ul><p>\u00a0<\/p><p>Por favor, evitar <span style=\"font-weight: 600;\">blanco, beige y verde oliva.<\/span><\/p>\t\t\t\t\t\t\t\t<\/div>\n\t\t\t\t\t<\/div>\n\t\t\t\t<\/div>\n\t\t\t\t\t<\/div>\n\t\t<\/div>\n\t\t\t\t\t<\/div>\n\t\t<\/section>\n\t\t\t\t<section class=\"elementor-section elementor-top-section elementor-element elementor-element-71c5324 elementor-section-content-middle elementor-section-boxed elementor-section-height-default elementor-section-height-default\" data-id=\"71c5324\" data-element_type=\"section\" data-e-type=\"section\" data-settings=\"{&quot;background_background&quot;:&quot;classic&quot;,&quot;background_motion_fx_motion_fx_scrolling&quot;:&quot;yes&quot;,&quot;background_motion_fx_devices&quot;:[&quot;desktop&quot;,&quot;tablet&quot;,&quot;mobile&quot;]}\">\n\t\t\t\t\t\t\t<div class=\"elementor-background-overlay\"><\/div>\n\t\t\t\t\t\t\t<div class=\"elementor-container elementor-column-gap-no\">\n\t\t\t\t\t<div class=\"elementor-column elementor-col-50 elementor-top-column elementor-element elementor-element-b4e895e\" data-id=\"b4e895e\" data-element_type=\"column\" data-e-type=\"column\">\n\t\t\t<div class=\"elementor-widget-wrap elementor-element-populated\">\n\t\t\t\t\t\t<div class=\"elementor-element elementor-element-250f9f3 elementor-widget-divider--view-line elementor-widget elementor-widget-divider\" data-id=\"250f9f3\" data-element_type=\"widget\" data-e-type=\"widget\" data-widget_type=\"divider.default\">\n\t\t\t\t\t\t\t<div class=\"elementor-divider\">\n\t\t\t<span class=\"elementor-divider-separator\">\n\t\t\t\t\t\t<\/span>\n\t\t<\/div>\n\t\t\t\t\t\t<\/div>\n\t\t\t\t<div class=\"elementor-element elementor-element-094dfc7 elementor-widget elementor-widget-heading\" data-id=\"094dfc7\" data-element_type=\"widget\" data-e-type=\"widget\" data-widget_type=\"heading.default\">\n\t\t\t\t\t<h2 class=\"elementor-heading-title elementor-size-default\">Celebraci\u00f3n solo para adultos<\/h2>\t\t\t\t<\/div>\n\t\t\t\t\t<\/div>\n\t\t<\/div>\n\t\t\t\t<div class=\"elementor-column elementor-col-50 elementor-top-column elementor-element elementor-element-2479678\" data-id=\"2479678\" data-element_type=\"column\" data-e-type=\"column\">\n\t\t\t<div class=\"elementor-widget-wrap elementor-element-populated\">\n\t\t\t\t<div class=\"elementor-element elementor-element-55d0740 e-flex e-con-boxed e-con e-parent\" data-id=\"55d0740\" data-element_type=\"container\" data-e-type=\"container\">\n\t\t\t\t\t<div class=\"e-con-inner\">\n\t\t\t\t<div class=\"elementor-element elementor-element-35d81e0 elementor-widget elementor-widget-text-editor\" data-id=\"35d81e0\" data-element_type=\"widget\" data-e-type=\"widget\" data-widget_type=\"text-editor.default\">\n\t\t\t\t\t\t\t\t\t<p>Para que todos puedan relajarse y disfrutar plenamente de este d\u00eda, nuestra boda ser\u00e1 exclusivamente para adultos. Gracias por su comprensi\u00f3n.<\/p>\t\t\t\t\t\t\t\t<\/div>\n\t\t\t\t\t<\/div>\n\t\t\t\t<\/div>\n\t\t\t\t\t<\/div>\n\t\t<\/div>\n\t\t\t\t\t<\/div>\n\t\t<\/section>\n\t\t<div class=\"elementor-element elementor-element-2e8c03e e-flex e-con-boxed e-con e-parent\" data-id=\"2e8c03e\" data-element_type=\"container\" data-e-type=\"container\">\n\t\t\t\t\t<div class=\"e-con-inner\">\n\t\t\t\t<div class=\"elementor-element elementor-element-6eec86b elementor-widget elementor-widget-spacer\" data-id=\"6eec86b\" data-element_type=\"widget\" data-e-type=\"widget\" data-widget_type=\"spacer.default\">\n\t\t\t\t\t\t\t<div class=\"elementor-spacer\">\n\t\t\t<div class=\"elementor-spacer-inner\"><\/div>\n\t\t<\/div>\n\t\t\t\t\t\t<\/div>\n\t\t\t\t\t<\/div>\n\t\t\t\t<\/div>\n\t\t\t\t<\/div>","protected":false},"excerpt":{"rendered":"<p>D\u00e9tails et infos pratiques Lieu de c\u00e9r\u00e9monie La c\u00e9r\u00e9monie aura lieu \u00e0 Vista Mare Beach House, sur l\u2019\u00eele de Tierra Bomba, accessible uniquement par bateau depuis Carthag\u00e8ne. Navettes en bateau Des navettes priv\u00e9es seront organis\u00e9es pour les invit\u00e9s. D\u00e9part : Carthag\u00e8ne Dur\u00e9e du trajet : environ 10 \u00e0 15 minutes Retour : des bateaux seront [&hellip;]<\/p>","protected":false},"author":1,"featured_media":1209,"parent":0,"menu_order":0,"comment_status":"closed","ping_status":"closed","template":"elementor_header_footer","meta":{"footnotes":""},"class_list":["post-1553","page","type-page","status-publish","has-post-thumbnail","hentry"],"_hostinger_reach_plugin_has_subscription_block":false,"_hostinger_reach_plugin_is_elementor":false,"_links":{"self":[{"href":"https:\/\/valentina-alexis.com\/es\/wp-json\/wp\/v2\/pages\/1553","targetHints":{"allow":["GET"]}}],"collection":[{"href":"https:\/\/valentina-alexis.com\/es\/wp-json\/wp\/v2\/pages"}],"about":[{"href":"https:\/\/valentina-alexis.com\/es\/wp-json\/wp\/v2\/types\/page"}],"author":[{"embeddable":true,"href":"https:\/\/valentina-alexis.com\/es\/wp-json\/wp\/v2\/users\/1"}],"replies":[{"embeddable":true,"href":"https:\/\/valentina-alexis.com\/es\/wp-json\/wp\/v2\/comments?post=1553"}],"version-history":[{"count":140,"href":"https:\/\/valentina-alexis.com\/es\/wp-json\/wp\/v2\/pages\/1553\/revisions"}],"predecessor-version":[{"id":1834,"href":"https:\/\/valentina-alexis.com\/es\/wp-json\/wp\/v2\/pages\/1553\/revisions\/1834"}],"wp:featuredmedia":[{"embeddable":true,"href":"https:\/\/valentina-alexis.com\/es\/wp-json\/wp\/v2\/media\/1209"}],"wp:attachment":[{"href":"https:\/\/valentina-alexis.com\/es\/wp-json\/wp\/v2\/media?parent=1553"}],"curies":[{"name":"wp","href":"https:\/\/api.w.org\/{rel}","templated":true}]}}